{"id":493,"date":"2013-08-31T01:49:42","date_gmt":"2013-08-31T00:49:42","guid":{"rendered":"http:\/\/www.imostar.com\/theo\/?page_id=493"},"modified":"2025-11-19T10:33:39","modified_gmt":"2025-11-19T09:33:39","slug":"ueber-uns","status":"publish","type":"page","link":"https:\/\/www.assconsulting.eu\/?page_id=493","title":{"rendered":"\u00dcber uns"},"content":{"rendered":"\n<div class=\"wp-block-media-text is-stacked-on-mobile\" style=\"grid-template-columns:20% auto\"><figure class=\"wp-block-media-text__media\"><img loading=\"lazy\" decoding=\"async\" width=\"187\" height=\"230\" src=\"https:\/\/www.assconsulting.eu\/wp-content\/uploads\/2015\/04\/MS1_sm.jpg\" alt=\"\" class=\"wp-image-948 size-full\"\/><\/figure><div class=\"wp-block-media-text__content\">\n<p class=\"has-black-color has-text-color has-link-color has-medium-font-size wp-elements-6b17e21c1b5b5a6ffe5b14ed556365a5\">Als Jurist sowie IHK gepr\u00fcfter und zertifizierter Versicherungskaufmann mit \u00fcber 25-j\u00e4hriger Berufserfahrung stehe ich Ihnen in allen Fragen rund um Versicherung und Finanzen kompetent zur Seite. Dabei vertrete ich als Makler <strong>ausschlie\u00dflich die Interessen unserer Mandanten<\/strong> gegen\u00fcber Banken und Versicherungsgesellschaften. Durch unseren Anschluss an einen Maklerverbund mit \u00fcber 3.000 Maklern k\u00f6nnen wir Ihnen das Beste aus \u00fcber 150 Banken und Versicherungsgesellschaften \u00a0zug\u00e4nglich machen und das zu <strong>speziell ausgehandelten Sonderkonditionen<\/strong>. Das wahrt v\u00f6llige Autonomie und Besserstellung zu Gunsten unserer Mandanten.<\/p>\n<\/div><\/div>\n\n\n\n<p class=\"has-black-color has-text-color has-link-color has-medium-font-size wp-elements-649afa82b720d6af367c12f5ad35fa9e\">An der Internationalen Akademie f\u00fcr Finanzberatung &#8211; IAF &#8211; in Liechtenstein erwarb ich 2007 meine Qualifikationen zum Edel- und Wertmetallberater. Als <strong>Dozent f\u00fcr Alternative Investments<\/strong> f\u00fchre ich Seminare durch, die die Hintergr\u00fcnde unseres W\u00e4hrungssystems erkl\u00e4ren und die Bedeutung von Sachwerten im Vergleich zu Geldwerten herausstellen. Die Langzeit-Betrachtung der verschiedenen Wirtschaftszyklen ist von gro\u00dfer Bedeutung f\u00fcr einen <strong>substantiellen Verm\u00f6gensaufbau<\/strong> und die Vermeidung finanzieller Risiken.<\/p>\n\n\n\n<p class=\"has-black-color has-text-color has-link-color has-medium-font-size wp-elements-4822933d1e5ad92fff0b0c718a3af5c0\">Als <strong>Risk Manager<\/strong> bin ich auf die Absicherung der Kernbereiche unternehmerischen Risiko-Managements von <strong>KMU<\/strong> spezialisiert, was die Einsch\u00e4tzung und spezielle Konzepterstellung im Bereich Haftpflichtrisiken, Sach- und Verm\u00f6gensschutz und Betriebliche Altersversorgung mit ihren unterschiedlichen Durchf\u00fchrungswegen einschlie\u00dft. Dar\u00fcber hinaus zeige ich die jeweiligen Risiken der Durchgriffshaftung f\u00fcr Gesellschafter und Gesch\u00e4ftsf\u00fchrer auf und erarbeite<strong> individualisierte L\u00f6sungen zur Verm\u00f6genssicherung und intelligenten Nachlassplanung<\/strong>.<\/p>\n\n\n\n<p><\/p>\n\n\n\n<div class=\"wp-block-media-text is-stacked-on-mobile\" style=\"grid-template-columns:20% auto\"><figure class=\"wp-block-media-text__media\"><img loading=\"lazy\" decoding=\"async\" width=\"187\" height=\"230\" src=\"https:\/\/www.assconsulting.eu\/wp-content\/uploads\/2015\/04\/AS1_sm.jpg\" alt=\"\" class=\"wp-image-947 size-full\"\/><\/figure><div class=\"wp-block-media-text__content\">\n<p class=\"has-black-color has-text-color has-link-color has-medium-font-size wp-elements-2e0c5f9d74acab03b074e9d3ea4d5e76\">Als Dipl.-Kauffrau (FH) k\u00fcmmere ich mich um die betriebswirtschaftliche Auswertung der Versicherungs- und Finanzanalysen unserer Mandanten. Im Fokus steht dabei das <strong>Kostenmanagement<\/strong> unter Beachtung des spezifischen Mandantenbedarfs. Dar\u00fcber hinaus bin ich f\u00fcr das <strong>Customer-Relationship-Management und Back-Office<\/strong> unseres Hauses verantwortlich.&nbsp;<\/p>\n\n\n\n<p class=\"has-black-color has-text-color has-link-color has-medium-font-size wp-elements-d105307631f4fc9d7eaa567c39b489e3\">Ebenso stehen wir&nbsp;unseren Mandanten mit unserem professionellen <strong>ASSCON-Forderungsmanagement<\/strong> tatkr\u00e4ftig und l\u00f6sungsorientiert zur Seite. <\/p>\n<\/div><\/div>\n\n\n\n<p class=\"has-black-color has-text-color has-link-color has-medium-font-size wp-elements-74a0c70e0e551d9b54a2a7857102a665\">Bei einem unverbindlichen Termin informieren wir Sie gerne \u00fcber die realistischen Aussichten zur Realisierung Ihrer offenen Forderungen.<\/p>\n\n\n\n<p class=\"has-black-color has-text-color has-link-color has-medium-font-size wp-elements-4b2aeaae8d160ccabe89ff3afecbabf6\">Vereinbaren Sie einen unverbindlichen Termin mit uns f\u00fcr einen <strong>individuellen Versicherungs- und Finanzcheck<\/strong> in unserem B\u00fcro in der <strong><em>Firlstr. 35 12459 Berlin &#8211; Obersch\u00f6neweide<\/em><\/strong>. Bei einer Tasse Kaffee oder Tee k\u00f6nnen Sie sich kostenfrei \u00fcber unseren pers\u00f6nlich auf Sie zugeschnittenen Service informieren.<\/p>\n","protected":false},"excerpt":{"rendered":"<p>Als Jurist sowie IHK gepr\u00fcfter und zertifizierter Versicherungskaufmann mit \u00fcber 25-j\u00e4hriger Berufserfahrung stehe ich Ihnen in allen Fragen rund um Versicherung und Finanzen kompetent zur Seite. Dabei vertrete ich als Makler ausschlie\u00dflich die Interessen unserer Mandanten gegen\u00fcber Banken und Versicherungsgesellschaften. Durch unseren Anschluss an einen Maklerverbund mit \u00fcber 3.000 Maklern k\u00f6nnen wir Ihnen das Beste [&hellip;]<\/p>\n","protected":false},"author":1,"featured_media":0,"parent":0,"menu_order":3,"comment_status":"closed","ping_status":"closed","template":"templates\/fullwidth.php","meta":{"footnotes":""},"class_list":["post-493","page","type-page","status-publish","hentry"],"_links":{"self":[{"href":"https:\/\/www.assconsulting.eu\/index.php?rest_route=\/wp\/v2\/pages\/493","targetHints":{"allow":["GET"]}}],"collection":[{"href":"https:\/\/www.assconsulting.eu\/index.php?rest_route=\/wp\/v2\/pages"}],"about":[{"href":"https:\/\/www.assconsulting.eu\/index.php?rest_route=\/wp\/v2\/types\/page"}],"author":[{"embeddable":true,"href":"https:\/\/www.assconsulting.eu\/index.php?rest_route=\/wp\/v2\/users\/1"}],"replies":[{"embeddable":true,"href":"https:\/\/www.assconsulting.eu\/index.php?rest_route=%2Fwp%2Fv2%2Fcomments&post=493"}],"version-history":[{"count":202,"href":"https:\/\/www.assconsulting.eu\/index.php?rest_route=\/wp\/v2\/pages\/493\/revisions"}],"predecessor-version":[{"id":5468,"href":"https:\/\/www.assconsulting.eu\/index.php?rest_route=\/wp\/v2\/pages\/493\/revisions\/5468"}],"wp:attachment":[{"href":"https:\/\/www.assconsulting.eu\/index.php?rest_route=%2Fwp%2Fv2%2Fmedia&parent=493"}],"curies":[{"name":"wp","href":"https:\/\/api.w.org\/{rel}","templated":true}]}}